{"id":2,"date":"2020-04-02T04:14:10","date_gmt":"2020-04-02T10:14:10","guid":{"rendered":"https:\/\/kanazero.trec.info\/?page_id=2"},"modified":"2020-05-04T19:36:42","modified_gmt":"2020-05-05T00:36:42","slug":"inicio","status":"publish","type":"page","link":"https:\/\/kanazero.trec.info\/","title":{"rendered":"Inicio"},"content":{"rendered":"<p>[et_pb_section fb_built=\u00bb1&#8243; custom_padding_last_edited=\u00bbon|phone\u00bb admin_label=\u00bbHeader\u00bb _builder_version=\u00bb4.4.3&#8243; use_background_color_gradient=\u00bbon\u00bb background_color_gradient_start=\u00bbrgba(0,0,0,0)\u00bb background_color_gradient_end=\u00bbrgba(0,0,0,0)\u00bb background_image=\u00bbhttps:\/\/kanazero.trec.info\/wp-content\/uploads\/2020\/04\/shutterstock_619780853-960&#215;500-1.png\u00bb background_position=\u00bbbottom_left\u00bb background_blend=\u00bbdarken\u00bb custom_padding=\u00bb0px||12vw|||\u00bb custom_padding_tablet=\u00bb||180px\u00bb custom_padding_phone=\u00bb||100px|\u00bb animation_style=\u00bbslide\u00bb animation_direction=\u00bbtop\u00bb box_shadow_style=\u00bbpreset1&#8243; box_shadow_vertical=\u00bb0px\u00bb box_shadow_blur=\u00bb23px\u00bb box_shadow_spread=\u00bb20px\u00bb][et_pb_row _builder_version=\u00bb4.4.3&#8243; width=\u00bb75%\u00bb][et_pb_column type=\u00bb4_4&#8243; _builder_version=\u00bb4.4.3&#8243;][et_pb_image src=\u00bbhttps:\/\/kanazero.trec.info\/wp-content\/uploads\/2020\/04\/KANAZEROLOGO-1.png\u00bb show_bottom_space=\u00bboff\u00bb align_tablet=\u00bb\u00bb align_phone=\u00bb\u00bb align_last_edited=\u00bbon|desktop\u00bb admin_label=\u00bbImagen\u00bb _builder_version=\u00bb4.4.5&#8243; max_width=\u00bb344px\u00bb max_width_tablet=\u00bb220px\u00bb max_width_phone=\u00bb\u00bb max_width_last_edited=\u00bbon|desktop\u00bb custom_margin=\u00bb20px||-108px|0px|false|false\u00bb filter_saturate=\u00bb124%\u00bb filter_brightness=\u00bb147%\u00bb filter_contrast=\u00bb113%\u00bb][\/et_pb_image][\/et_pb_column][\/et_pb_row][et_pb_row column_structure=\u00bb2_5,3_5&#8243; custom_padding_last_edited=\u00bbon|desktop\u00bb _builder_version=\u00bb4.4.3&#8243; background_color=\u00bbrgba(0,94,62,0.41)\u00bb transform_translate=\u00bb206px|48px\u00bb width=\u00bb75%\u00bb module_alignment=\u00bbleft\u00bb custom_margin=\u00bb97px|177px|2px|-12px|false|false\u00bb custom_padding=\u00bb107px|31px|122px|18px|false|false\u00bb custom_padding_tablet=\u00bb40px||\u00bb custom_padding_phone=\u00bb\u00bb link_option_url_new_window=\u00bbon\u00bb locked=\u00bboff\u00bb][et_pb_column type=\u00bb2_5&#8243; _builder_version=\u00bb4.4.3&#8243; custom_padding=\u00bb|||\u00bb custom_padding_tablet=\u00bb16px||\u00bb custom_padding_phone=\u00bb\u00bb custom_padding_last_edited=\u00bbon|desktop\u00bb custom_padding__hover=\u00bb|||\u00bb][et_pb_text _builder_version=\u00bb4.4.3&#8243; text_text_color=\u00bb#edf000&#8243; text_font_size=\u00bb6px\u00bb text_letter_spacing=\u00bb3px\u00bb text_line_height=\u00bb1.4em\u00bb background_color=\u00bbrgba(0,0,0,0)\u00bb background_layout=\u00bbdark\u00bb max_height=\u00bb720px\u00bb custom_padding=\u00bb0px|||||\u00bb link_option_url_new_window=\u00bbon\u00bb locked=\u00bboff\u00bb inline_fonts=\u00bbAbril Fatface\u00bb]<\/p>\n<h3 class=\"co-white titulos titulo-gris\" style=\"border-bottom: 1px solid #e4e4e4; color: #008a68; text-align: left;\"><span style=\"font-size: large;\"><strong>KANA-ZERO <\/strong>es un estilo de vida que busca reducir el consumo desmedido de alimentos debido a que en M\u00e9xico se desperdicia el 34.7% de los alimentos que se producen.<strong>\u00bfAlarmante cierto?<\/strong><br \/><\/span><\/h3>\n<p>[\/et_pb_text][\/et_pb_column][et_pb_column type=\u00bb3_5&#8243; _builder_version=\u00bb4.4.3&#8243; custom_padding=\u00bb|||\u00bb custom_padding_tablet=\u00bb16px||\u00bb custom_padding_phone=\u00bb\u00bb custom_padding_last_edited=\u00bbon|desktop\u00bb custom_padding__hover=\u00bb|||\u00bb][\/et_pb_column][\/et_pb_row][\/et_pb_section][et_pb_section fb_built=\u00bb1&#8243; admin_label=\u00bbStats\u00bb _builder_version=\u00bb4.4.5&#8243; background_image=\u00bbhttps:\/\/kanazero.trec.info\/wp-content\/uploads\/2020\/04\/image_1560758410.jpg\u00bb background_position=\u00bbcenter_right\u00bb background_blend=\u00bbdarken\u00bb custom_padding=\u00bb0px||0px|||\u00bb bottom_divider_color=\u00bb#000000&#8243; bottom_divider_arrangement=\u00bbabove_content\u00bb hover_enabled=\u00bb0&#8243; locked=\u00bboff\u00bb][et_pb_row column_structure=\u00bb1_3,1_3,1_3&#8243; use_custom_gutter=\u00bbon\u00bb gutter_width=\u00bb1&#8243; make_equal=\u00bbon\u00bb padding_top_bottom_link_1=\u00bbfalse\u00bb padding_top_bottom_link_3=\u00bbtrue\u00bb padding_left_right_link_1=\u00bbtrue\u00bb padding_left_right_link_2=\u00bbtrue\u00bb _builder_version=\u00bb4.4.5&#8243; width=\u00bb100%\u00bb module_alignment=\u00bbright\u00bb custom_padding=\u00bb0px||0px||true|\u00bb hover_enabled=\u00bb0&#8243;][et_pb_column type=\u00bb1_3&#8243; _builder_version=\u00bb4.4.5&#8243; background_image=\u00bbhttps:\/\/kanazero.trec.info\/wp-content\/uploads\/2020\/05\/placa-numeros-01-copy.png\u00bb parallax=\u00bbon\u00bb parallax_method=\u00bboff\u00bb][\/et_pb_column][et_pb_column type=\u00bb1_3&#8243; _builder_version=\u00bb4.4.5&#8243; background_image=\u00bbhttps:\/\/kanazero.trec.info\/wp-content\/uploads\/2020\/05\/placa-numeros-01-copy.png\u00bb parallax=\u00bbon\u00bb parallax_method=\u00bboff\u00bb custom_padding=\u00bb150px|60px|60px|60px\u00bb custom_padding_tablet=\u00bb\u00bb custom_padding_phone=\u00bb|40px||40px|false|true\u00bb custom_padding_last_edited=\u00bbon|desktop\u00bb custom_padding__hover=\u00bb|||\u00bb][et_pb_text _builder_version=\u00bb4.4.5&#8243; text_font=\u00bbABeeZee||||||||\u00bb text_font_size=\u00bb18px\u00bb text_letter_spacing=\u00bb1px\u00bb text_line_height=\u00bb2em\u00bb header_font=\u00bbLora|700|||||||\u00bb header_font_size=\u00bb48px\u00bb header_line_height=\u00bb1.1em\u00bb header_2_font=\u00bbLora|700|||||||\u00bb header_2_font_size=\u00bb21px\u00bb header_2_letter_spacing=\u00bb2px\u00bb header_3_font=\u00bbLora|700|||||||\u00bb header_3_font_size=\u00bb40px\u00bb header_3_line_height=\u00bb1.2em\u00bb header_4_font=\u00bbLora|700|||||||\u00bb header_4_font_size=\u00bb44px\u00bb header_4_line_height=\u00bb1.2em\u00bb header_5_font=\u00bbLora|700|||||||\u00bb header_5_font_size=\u00bb36px\u00bb header_5_line_height=\u00bb1.2em\u00bb header_6_font=\u00bbLora|700|||||||\u00bb header_6_font_size=\u00bb31px\u00bb header_6_line_height=\u00bb1.2em\u00bb background_color=\u00bbrgba(0,0,0,0)\u00bb background_layout=\u00bbdark\u00bb width=\u00bb100%\u00bb custom_margin=\u00bb||40px\u00bb custom_padding=\u00bb|||28px|false|false\u00bb text_font_size_tablet=\u00bb\u00bb text_font_size_phone=\u00bb16px\u00bb text_font_size_last_edited=\u00bbon|desktop\u00bb header_font_size_tablet=\u00bb\u00bb header_font_size_phone=\u00bb\u00bb header_font_size_last_edited=\u00bbon|phone\u00bb header_2_font_size_tablet=\u00bb\u00bb header_2_font_size_phone=\u00bb\u00bb header_2_font_size_last_edited=\u00bbon|phone\u00bb header_3_font_size_tablet=\u00bb\u00bb header_3_font_size_phone=\u00bb\u00bb header_3_font_size_last_edited=\u00bbon|desktop\u00bb header_4_font_size_tablet=\u00bb\u00bb header_4_font_size_phone=\u00bb\u00bb header_4_font_size_last_edited=\u00bbon|phone\u00bb header_5_font_size_tablet=\u00bb\u00bb header_5_font_size_phone=\u00bb\u00bb header_5_font_size_last_edited=\u00bbon|phone\u00bb header_6_font_size_tablet=\u00bb\u00bb header_6_font_size_phone=\u00bb\u00bb header_6_font_size_last_edited=\u00bbon|phone\u00bb text_text_shadow_style=\u00bbpreset4&#8243; inline_fonts=\u00bbAmaranth\u00bb]<\/p>\n<p><strong><\/strong><span style=\"font-size: xx-large;\"><em><span style=\"font-family: Amaranth; font-weight: normal;\"><strong>20 Millones<\/strong> <strong>de Toneladas de comida desperdiciada al a\u00f1o<\/strong><\/span><\/em><\/span><span style=\"font-family: Helvetica;\" face=\"Helvetica\"> <\/span><\/p>\n<h2><span style=\"font-family: Helvetica;\" face=\"Helvetica\"><span style=\"font-size: medium;\"><\/span><\/span><\/h2>\n<h2><span style=\"font-family: Helvetica;\" face=\"Helvetica\"><span style=\"font-size: medium;\"><\/span><\/span><\/h2>\n<h2><span style=\"font-family: Helvetica;\" face=\"Helvetica\"><span style=\"font-size: medium;\">Los alimentos desperdiciados servir\u00edan para evitar el hambre que sufren 7.5 Millones de Mexicanos \u00a0 <\/span><\/span><span style=\"font-family: Helvetica;\" face=\"Helvetica\"><span style=\"font-size: medium;\"><br \/> <\/span><\/span><\/h2>\n<p>[\/et_pb_text][\/et_pb_column][et_pb_column type=\u00bb1_3&#8243; _builder_version=\u00bb4.4.5&#8243; background_color=\u00bbrgba(0,0,0,0)\u00bb background_image=\u00bbhttps:\/\/kanazero.trec.info\/wp-content\/uploads\/2020\/05\/placa-numeros-01-copy.png\u00bb parallax=\u00bbon\u00bb parallax_method=\u00bboff\u00bb custom_padding=\u00bb120px|60px|60px|60px\u00bb custom_padding_tablet=\u00bb\u00bb custom_padding_phone=\u00bb|40px||40px||true\u00bb custom_padding_last_edited=\u00bbon|tablet\u00bb custom_padding__hover=\u00bb|||\u00bb][et_pb_number_counter title=\u00bbde m\u00b3 de agua desperdiciados\u00bb number=\u00bb40B \u00bb percent_sign=\u00bboff\u00bb _builder_version=\u00bb4.4.3&#8243; title_level=\u00bbh6&#8243; title_font=\u00bbRoboto||||||||\u00bb title_text_color=\u00bb#ffffff\u00bb title_font_size=\u00bb16px\u00bb title_line_height=\u00bb1.8em\u00bb number_font=\u00bbLora|700|||||||\u00bb number_text_color=\u00bb#ffffff\u00bb number_font_size=\u00bb72px\u00bb custom_margin=\u00bb||30px\u00bb custom_padding_phone=\u00bb10px||10px||true\u00bb custom_padding_last_edited=\u00bboff|desktop\u00bb number_font_size_phone=\u00bb32px\u00bb number_font_size_last_edited=\u00bboff|phone\u00bb][\/et_pb_number_counter][et_pb_number_counter title=\u00bbde toneladas de CO2 emitidas\u00bb number=\u00bb36M \u00bb percent_sign=\u00bboff\u00bb _builder_version=\u00bb4.4.3&#8243; title_level=\u00bbh6&#8243; title_font=\u00bbRoboto||||||||\u00bb title_text_color=\u00bb#ffffff\u00bb title_font_size=\u00bb16px\u00bb title_line_height=\u00bb1.8em\u00bb number_font=\u00bbLora|700|||||||\u00bb number_text_color=\u00bb#ffffff\u00bb number_font_size=\u00bb72px\u00bb custom_margin=\u00bb||30px\u00bb custom_padding_phone=\u00bb10px||10px||true\u00bb custom_padding_last_edited=\u00bboff|desktop\u00bb number_font_size_phone=\u00bb32px\u00bb number_font_size_last_edited=\u00bboff|phone\u00bb][\/et_pb_number_counter][et_pb_number_counter title=\u00bbde los residuos se componen de restos de alimentos\u00bb number=\u00bb52&#8243; _builder_version=\u00bb4.4.3&#8243; title_level=\u00bbh6&#8243; title_font=\u00bbRoboto||||||||\u00bb title_text_color=\u00bb#ffffff\u00bb title_font_size=\u00bb16px\u00bb title_line_height=\u00bb1.8em\u00bb number_font=\u00bbLora|700|||||||\u00bb number_text_color=\u00bb#ffffff\u00bb number_font_size=\u00bb72px\u00bb custom_margin=\u00bb||30px\u00bb custom_padding_phone=\u00bb10px||10px||true\u00bb custom_padding_last_edited=\u00bboff|desktop\u00bb number_font_size_phone=\u00bb32px\u00bb number_font_size_last_edited=\u00bboff|phone\u00bb][\/et_pb_number_counter][\/et_pb_column][\/et_pb_row][\/et_pb_section][et_pb_section fb_built=\u00bb1&#8243; admin_label=\u00bbWhat We Do\u00bb _builder_version=\u00bb4.4.5&#8243; background_color=\u00bb#82b2a1&#8243; background_image=\u00bbhttps:\/\/kanazero.trec.info\/wp-content\/uploads\/2020\/05\/fondo-kananana-01-copy.png\u00bb parallax=\u00bbon\u00bb parallax_method=\u00bboff\u00bb custom_padding=\u00bb10vw||8vw||false|\u00bb][et_pb_row _builder_version=\u00bb3.25&#8243;][et_pb_column type=\u00bb4_4&#8243; _builder_version=\u00bb3.25&#8243; custom_padding=\u00bb|||\u00bb custom_padding__hover=\u00bb|||\u00bb][et_pb_text _builder_version=\u00bb3.27.4&#8243; text_font=\u00bb||||||||\u00bb text_font_size=\u00bb20px\u00bb text_line_height=\u00bb2em\u00bb header_font=\u00bb||||||||\u00bb header_2_font=\u00bbLora||||||||\u00bb header_2_font_size=\u00bb60px\u00bb header_2_line_height=\u00bb1.2em\u00bb text_orientation=\u00bbcenter\u00bb background_layout=\u00bbdark\u00bb max_width=\u00bb700px\u00bb module_alignment=\u00bbcenter\u00bb text_font_size_tablet=\u00bb\u00bb text_font_size_phone=\u00bb16px\u00bb text_font_size_last_edited=\u00bbon|desktop\u00bb header_2_font_size_tablet=\u00bb48px\u00bb header_2_font_size_phone=\u00bb32px\u00bb header_2_font_size_last_edited=\u00bbon|tablet\u00bb]<\/p>\n<h2><span style=\"color: #020202;\"><em>KANA-ZERO<\/em><\/span><strong> Una soluci\u00f3n diferente<br \/><\/strong><\/h2>\n<p>[\/et_pb_text][\/et_pb_column][\/et_pb_row][et_pb_row column_structure=\u00bb1_3,1_3,1_3&#8243; _builder_version=\u00bb4.4.3&#8243;][et_pb_column type=\u00bb1_3&#8243; _builder_version=\u00bb3.25&#8243; custom_padding=\u00bb20px|||\u00bb custom_padding_tablet=\u00bb0px||\u00bb custom_padding_phone=\u00bb\u00bb custom_padding_last_edited=\u00bbon|tablet\u00bb custom_padding__hover=\u00bb|||\u00bb][et_pb_blurb title=\u00bbH\u00c1bitos DE CONSUMO\u00bb image=\u00bbhttps:\/\/kanazero.trec.info\/wp-content\/uploads\/2020\/05\/iconos2-01.png\u00bb _builder_version=\u00bb4.4.5&#8243; header_level=\u00bbh5&#8243; header_font=\u00bbLora|700||on|||||\u00bb header_font_size=\u00bb18px\u00bb header_line_height=\u00bb1.2em\u00bb body_font=\u00bb||||||||\u00bb body_font_size=\u00bb16px\u00bb body_line_height=\u00bb2em\u00bb text_orientation=\u00bbcenter\u00bb background_layout=\u00bbdark\u00bb custom_margin=\u00bb||55px|||\u00bb]<\/p>\n<p>En nuestra App te brindamos TIPS que te ayudar\u00e1n a concientizar tus h\u00e1bitos de consumo alimenticio y econ\u00f3mico.<\/p>\n<p>[\/et_pb_blurb][\/et_pb_column][et_pb_column type=\u00bb1_3&#8243; _builder_version=\u00bb3.25&#8243; custom_padding=\u00bb120px|||\u00bb custom_padding_tablet=\u00bb0px||\u00bb custom_padding_phone=\u00bb\u00bb custom_padding_last_edited=\u00bbon|desktop\u00bb custom_padding__hover=\u00bb|||\u00bb][et_pb_blurb title=\u00bbSALUD\u00bb image=\u00bbhttps:\/\/kanazero.trec.info\/wp-content\/uploads\/2020\/05\/iconos3-01.png\u00bb _builder_version=\u00bb4.4.5&#8243; header_level=\u00bbh5&#8243; header_font=\u00bbLora|700||on|||||\u00bb header_font_size=\u00bb18px\u00bb header_line_height=\u00bb1.2em\u00bb body_font=\u00bb||||||||\u00bb body_font_size=\u00bb16px\u00bb body_line_height=\u00bb2em\u00bb text_orientation=\u00bbcenter\u00bb background_layout=\u00bbdark\u00bb locked=\u00bboff\u00bb]<\/p>\n<p style=\"text-align: center;\">\u00abUn estilo de vida saludable es la clave para la felicidad personal\u00bb\u00a0 Es por eso que te ayudamos con recetas f\u00e1ciles que se adapten a tu ritmo de vida.<\/p>\n<p>[\/et_pb_blurb][\/et_pb_column][et_pb_column type=\u00bb1_3&#8243; _builder_version=\u00bb3.25&#8243; custom_padding=\u00bb|||\u00bb custom_padding_last_edited=\u00bboff|desktop\u00bb custom_padding__hover=\u00bb|||\u00bb][et_pb_blurb title=\u00bbMEDIO AMBIENTE\u00bb image=\u00bbhttps:\/\/kanazero.trec.info\/wp-content\/uploads\/2020\/05\/iconos1-01.png\u00bb _builder_version=\u00bb4.4.5&#8243; header_level=\u00bbh5&#8243; header_font=\u00bbLora|700||on|||||\u00bb header_font_size=\u00bb18px\u00bb header_line_height=\u00bb1.2em\u00bb body_font=\u00bb||||||||\u00bb body_font_size=\u00bb16px\u00bb body_line_height=\u00bb2em\u00bb text_orientation=\u00bbcenter\u00bb background_layout=\u00bbdark\u00bb locked=\u00bboff\u00bb]<\/p>\n<p>Te mostramos el impacto de la huella ecol\u00f3gica de tus compras y sus repercusiones en tu vida diaria<\/p>\n<p>[\/et_pb_blurb][\/et_pb_column][\/et_pb_row][\/et_pb_section][et_pb_section fb_built=\u00bb1&#8243; admin_label=\u00bbMission\u00bb _builder_version=\u00bb4.4.5&#8243; background_image=\u00bbhttps:\/\/kanazero.trec.info\/wp-content\/uploads\/2020\/05\/FINALPAGWEBVV.jpg\u00bb background_position=\u00bbbottom_center\u00bb custom_padding=\u00bb0px||16vw|||\u00bb][et_pb_row column_structure=\u00bb1_3,1_3,1_3&#8243; _builder_version=\u00bb3.25&#8243; locked=\u00bboff\u00bb custom_padding=\u00bb||148px|||\u00bb][et_pb_column type=\u00bb1_3&#8243; _builder_version=\u00bb3.25&#8243; custom_padding=\u00bb|||\u00bb custom_padding__hover=\u00bb|||\u00bb][et_pb_text _builder_version=\u00bb4.4.5&#8243; text_text_color=\u00bbrgba(0,0,0,0)\u00bb text_font_size=\u00bb16px\u00bb text_line_height=\u00bb2em\u00bb header_font=\u00bb||||||||\u00bb header_4_font=\u00bbLora|700|||||||\u00bb header_4_text_color=\u00bbrgba(0,0,0,0)\u00bb header_4_font_size=\u00bb20px\u00bb header_4_line_height=\u00bb1.2em\u00bb width_tablet=\u00bbauto\u00bb width_phone=\u00bbauto\u00bb width_last_edited=\u00bbon|desktop\u00bb]<\/p>\n<h4>Consectetur adipiscing elit<\/h4>\n<p>Lorem ipsum dolor sit amet, consectetur adipiscing elit, sed do eiusmod tempor incididunt ut labore et dolore magna aliqua. Ut enim ad minim veniam<\/p>\n<p>[\/et_pb_text][\/et_pb_column][et_pb_column type=\u00bb1_3&#8243; _builder_version=\u00bb3.25&#8243; custom_padding=\u00bb|||\u00bb custom_padding__hover=\u00bb|||\u00bb][et_pb_text _builder_version=\u00bb3.27.4&#8243; text_font_size=\u00bb16px\u00bb text_line_height=\u00bb2em\u00bb header_font=\u00bb||||||||\u00bb header_4_font=\u00bbLora|700|||||||\u00bb header_4_text_color=\u00bb#74ba57&#8243; header_4_font_size=\u00bb20px\u00bb header_4_line_height=\u00bb1.2em\u00bb]<\/p>\n<h4><\/h4>\n<p>[\/et_pb_text][\/et_pb_column][et_pb_column type=\u00bb1_3&#8243; _builder_version=\u00bb3.25&#8243; custom_padding=\u00bb|||\u00bb custom_padding__hover=\u00bb|||\u00bb][\/et_pb_column][\/et_pb_row][\/et_pb_section]<\/p>\n","protected":false},"excerpt":{"rendered":"<p>[et_pb_section fb_built=\u00bb1&#8243; custom_padding_last_edited=\u00bbon|phone\u00bb admin_label=\u00bbHeader\u00bb _builder_version=\u00bb4.4.3&#8243; use_background_color_gradient=\u00bbon\u00bb background_color_gradient_start=\u00bbrgba(0,0,0,0)\u00bb background_color_gradient_end=\u00bbrgba(0,0,0,0)\u00bb background_image=\u00bbhttps:\/\/kanazero.trec.info\/wp-content\/uploads\/2020\/04\/shutterstock_619780853-960&#215;500-1.png\u00bb background_position=\u00bbbottom_left\u00bb background_blend=\u00bbdarken\u00bb custom_padding=\u00bb0px||12vw|||\u00bb custom_padding_tablet=\u00bb||180px\u00bb custom_padding_phone=\u00bb||100px|\u00bb animation_style=\u00bbslide\u00bb animation_direction=\u00bbtop\u00bb box_shadow_style=\u00bbpreset1&#8243; box_shadow_vertical=\u00bb0px\u00bb box_shadow_blur=\u00bb23px\u00bb box_shadow_spread=\u00bb20px\u00bb][et_pb_row _builder_version=\u00bb4.4.3&#8243; width=\u00bb75%\u00bb][et_pb_column type=\u00bb4_4&#8243; _builder_version=\u00bb4.4.3&#8243;][et_pb_image src=\u00bbhttps:\/\/kanazero.trec.info\/wp-content\/uploads\/2020\/04\/KANAZEROLOGO-1.png\u00bb show_bottom_space=\u00bboff\u00bb align_tablet=\u00bb\u00bb align_phone=\u00bb\u00bb align_last_edited=\u00bbon|desktop\u00bb admin_label=\u00bbImagen\u00bb _builder_version=\u00bb4.4.5&#8243; max_width=\u00bb344px\u00bb max_width_tablet=\u00bb220px\u00bb max_width_phone=\u00bb\u00bb max_width_last_edited=\u00bbon|desktop\u00bb custom_margin=\u00bb20px||-108px|0px|false|false\u00bb filter_saturate=\u00bb124%\u00bb filter_brightness=\u00bb147%\u00bb filter_contrast=\u00bb113%\u00bb][\/et_pb_image][\/et_pb_column][\/et_pb_row][et_pb_row column_structure=\u00bb2_5,3_5&#8243; custom_padding_last_edited=\u00bbon|desktop\u00bb _builder_version=\u00bb4.4.3&#8243; background_color=\u00bbrgba(0,94,62,0.41)\u00bb transform_translate=\u00bb206px|48px\u00bb width=\u00bb75%\u00bb module_alignment=\u00bbleft\u00bb custom_margin=\u00bb97px|177px|2px|-12px|false|false\u00bb custom_padding=\u00bb107px|31px|122px|18px|false|false\u00bb custom_padding_tablet=\u00bb40px||\u00bb custom_padding_phone=\u00bb\u00bb link_option_url_new_window=\u00bbon\u00bb locked=\u00bboff\u00bb][et_pb_column type=\u00bb2_5&#8243; _builder_version=\u00bb4.4.3&#8243; custom_padding=\u00bb|||\u00bb [&hellip;]<\/p>\n","protected":false},"author":1,"featured_media":0,"parent":0,"menu_order":0,"comment_status":"closed","ping_status":"closed","template":"","meta":{"_et_pb_use_builder":"on","_et_pb_old_content":"<!-- wp:paragraph -->\n<p>This is an example page. It's different from a blog post because it will stay in one place and will show up in your site navigation (in most themes). Most people start with an About page that introduces them to potential site visitors. It might say something like this:<\/p>\n<!-- \/wp:paragraph -->\n\n<!-- wp:quote -->\n<blockquote class=\"wp-block-quote\"><p>Hi there! I'm a bike messenger by day, aspiring actor by night, and this is my website. I live in Los Angeles, have a great dog named Jack, and I like pi\u00f1a coladas. (And gettin' caught in the rain.)<\/p><\/blockquote>\n<!-- \/wp:quote -->\n\n<!-- wp:paragraph -->\n<p>...or something like this:<\/p>\n<!-- \/wp:paragraph -->\n\n<!-- wp:quote -->\n<blockquote class=\"wp-block-quote\"><p>The XYZ Doohickey Company was founded in 1971, and has been providing quality doohickeys to the public ever since. Located in Gotham City, XYZ employs over 2,000 people and does all kinds of awesome things for the Gotham community.<\/p><\/blockquote>\n<!-- \/wp:quote -->\n\n<!-- wp:paragraph -->\n<p>As a new WordPress user, you should go to <a href=\"https:\/\/kanazero.trec.info\/wp-admin\/\">your dashboard<\/a> to delete this page and create new pages for your content. Have fun!<\/p>\n<!-- \/wp:paragraph -->","_et_gb_content_width":"","footnotes":""},"class_list":["post-2","page","type-page","status-publish","hentry"],"_links":{"self":[{"href":"https:\/\/kanazero.trec.info\/index.php\/wp-json\/wp\/v2\/pages\/2","targetHints":{"allow":["GET"]}}],"collection":[{"href":"https:\/\/kanazero.trec.info\/index.php\/wp-json\/wp\/v2\/pages"}],"about":[{"href":"https:\/\/kanazero.trec.info\/index.php\/wp-json\/wp\/v2\/types\/page"}],"author":[{"embeddable":true,"href":"https:\/\/kanazero.trec.info\/index.php\/wp-json\/wp\/v2\/users\/1"}],"replies":[{"embeddable":true,"href":"https:\/\/kanazero.trec.info\/index.php\/wp-json\/wp\/v2\/comments?post=2"}],"version-history":[{"count":25,"href":"https:\/\/kanazero.trec.info\/index.php\/wp-json\/wp\/v2\/pages\/2\/revisions"}],"predecessor-version":[{"id":312,"href":"https:\/\/kanazero.trec.info\/index.php\/wp-json\/wp\/v2\/pages\/2\/revisions\/312"}],"wp:attachment":[{"href":"https:\/\/kanazero.trec.info\/index.php\/wp-json\/wp\/v2\/media?parent=2"}],"curies":[{"name":"wp","href":"https:\/\/api.w.org\/{rel}","templated":true}]}}