{"id":13,"date":"2020-04-02T17:17:36","date_gmt":"2020-04-02T23:17:36","guid":{"rendered":"https:\/\/kanazero.trec.info\/?page_id=13"},"modified":"2020-05-02T23:36:31","modified_gmt":"2020-05-03T04:36:31","slug":"quienes-somos","status":"publish","type":"page","link":"https:\/\/kanazero.trec.info\/index.php\/quienes-somos\/","title":{"rendered":"\u00bfQuienes somos?"},"content":{"rendered":"<p>[et_pb_section fb_built=\u00bb1&#8243; admin_label=\u00bbMission\u00bb _builder_version=\u00bb4.4.5&#8243; background_image=\u00bbhttps:\/\/kanazero.trec.info\/wp-content\/uploads\/2020\/05\/MOCKUPAPP-1.jpg\u00bb parallax=\u00bbon\u00bb parallax_method=\u00bboff\u00bb custom_padding=\u00bb0px||16vw|||\u00bb][et_pb_row column_structure=\u00bb2_3,1_3&#8243; use_custom_gutter=\u00bbon\u00bb make_equal=\u00bbon\u00bb _builder_version=\u00bb3.25&#8243; locked=\u00bboff\u00bb][et_pb_column type=\u00bb2_3&#8243; _builder_version=\u00bb3.25&#8243; custom_padding=\u00bb|||\u00bb custom_padding__hover=\u00bb|||\u00bb][et_pb_divider color=\u00bb#c6e28b\u00bb divider_weight=\u00bb40px\u00bb _builder_version=\u00bb3.22.5&#8243; z_index=\u00bb-10&#8243; max_width=\u00bb360px\u00bb height=\u00bb40px\u00bb custom_margin=\u00bb||-34px|-40px\u00bb][\/et_pb_divider][et_pb_text _builder_version=\u00bb4.4.5&#8243; text_font=\u00bb||||||||\u00bb text_font_size=\u00bb15px\u00bb text_letter_spacing=\u00bb2px\u00bb text_line_height=\u00bb2.2em\u00bb header_font=\u00bb||||||||\u00bb header_2_font=\u00bbLora|700|||||||\u00bb header_2_font_size=\u00bb60px\u00bb header_2_line_height=\u00bb1.2em\u00bb module_alignment=\u00bbleft\u00bb text_font_size_tablet=\u00bb\u00bb text_font_size_phone=\u00bb16px\u00bb text_font_size_last_edited=\u00bbon|desktop\u00bb header_2_font_size_tablet=\u00bb48px\u00bb header_2_font_size_phone=\u00bb32px\u00bb header_2_font_size_last_edited=\u00bbon|tablet\u00bb inline_fonts=\u00bbAbel\u00bb]<\/p>\n<h2><span style=\"font-family: Abel;\">Comunidad <span style=\"font-weight: normal;\">Kana<\/span><\/span><\/h2>\n<p><span style=\"color: #444444;\">\u00a0<\/span><\/p>\n<p>[\/et_pb_text][et_pb_text _builder_version=\u00bb4.4.5&#8243; text_font=\u00bbActor||||||||\u00bb text_text_color=\u00bb#000000&#8243; text_font_size=\u00bb16px\u00bb text_line_height=\u00bb2em\u00bb header_font=\u00bbAbel||||||||\u00bb header_4_font=\u00bbAbel|700|||||||\u00bb header_4_text_color=\u00bb#74ba57&#8243; header_4_font_size=\u00bb40px\u00bb header_4_line_height=\u00bb1.2em\u00bb background_color=\u00bbrgba(255,255,255,0.67)\u00bb width_tablet=\u00bbauto\u00bb width_phone=\u00bbauto\u00bb width_last_edited=\u00bbon|desktop\u00bb custom_margin=\u00bb|||0px|false|false\u00bb custom_padding=\u00bb|||21px|false|false\u00bb]<\/p>\n<h4>Hola!<\/h4>\n<p><strong>Somos una App que te permite llevar un registro del impacto de la huella ecol\u00f3gica sobre los alimentos que consumes para reducir el Desperdicio de Alimentos.<\/strong>[\/et_pb_text][\/et_pb_column][et_pb_column type=\u00bb1_3&#8243; _builder_version=\u00bb3.25&#8243; custom_padding=\u00bb|||\u00bb custom_padding__hover=\u00bb|||\u00bb][\/et_pb_column][\/et_pb_row][et_pb_row column_structure=\u00bb1_3,1_3,1_3&#8243; _builder_version=\u00bb4.4.5&#8243; background_image=\u00bbhttps:\/\/kanazero.trec.info\/wp-content\/uploads\/2020\/04\/food-bank_46-scaled.jpg\u00bb filter_brightness=\u00bb101%\u00bb filter_contrast=\u00bb112%\u00bb filter_opacity=\u00bb78%\u00bb locked=\u00bboff\u00bb][et_pb_column type=\u00bb1_3&#8243; _builder_version=\u00bb4.4.5&#8243; custom_padding=\u00bb|||\u00bb custom_padding__hover=\u00bb|||\u00bb][et_pb_text _builder_version=\u00bb4.4.5&#8243; text_font=\u00bbActor||||||||\u00bb text_text_color=\u00bb#000000&#8243; text_font_size=\u00bb15px\u00bb text_line_height=\u00bb2em\u00bb header_font=\u00bb||||||||\u00bb header_4_font=\u00bbAbel|700|||||||\u00bb header_4_text_color=\u00bb#74ba57&#8243; header_4_font_size=\u00bb20px\u00bb header_4_line_height=\u00bb1.2em\u00bb background_color=\u00bb#ffffff\u00bb width_tablet=\u00bbauto\u00bb width_phone=\u00bbauto\u00bb width_last_edited=\u00bbon|desktop\u00bb custom_margin=\u00bb0px|||24px|false|false\u00bb]<\/p>\n<h4>\u00bfComo funciona?<\/h4>\n<p>Por medio del registro de alimentos, la aplicaci\u00f3n te avisa en una notificaci\u00f3n cuando los alimentos empiezan su proceso de descomposici\u00f3n.[\/et_pb_text][\/et_pb_column][et_pb_column type=\u00bb1_3&#8243; _builder_version=\u00bb3.25&#8243; custom_padding=\u00bb|||\u00bb custom_padding__hover=\u00bb|||\u00bb][et_pb_text _builder_version=\u00bb4.4.5&#8243; text_font=\u00bbActor||||||||\u00bb text_text_color=\u00bb#000000&#8243; text_font_size=\u00bb16px\u00bb text_letter_spacing=\u00bb5px\u00bb text_line_height=\u00bb2em\u00bb header_font=\u00bb||||||||\u00bb header_4_font=\u00bbAbel|700|||||||\u00bb header_4_text_color=\u00bb#74ba57&#8243; header_4_font_size=\u00bb20px\u00bb header_4_line_height=\u00bb1.2em\u00bb background_color=\u00bbrgba(0,0,0,0)\u00bb]<\/p>\n<h4>TIPS ZERO<\/h4>\n<p>En base al perfil del usario, KANA ZERO te brinda opciones para llevar un conteo de los aspectos ambientales que quieres mejorar, los cuales son <em>energ\u00eda, agua y fauna.<\/em>[\/et_pb_text][\/et_pb_column][et_pb_column type=\u00bb1_3&#8243; _builder_version=\u00bb3.25&#8243; custom_padding=\u00bb|||\u00bb custom_padding__hover=\u00bb|||\u00bb][\/et_pb_column][\/et_pb_row][\/et_pb_section][et_pb_section fb_built=\u00bb1&#8243; fullwidth=\u00bbon\u00bb _builder_version=\u00bb4.4.5&#8243;][et_pb_fullwidth_image src=\u00bbhttps:\/\/kanazero.trec.info\/wp-content\/uploads\/2020\/05\/1-01-scaled.jpg\u00bb title_text=\u00bb1-01&#8243; _builder_version=\u00bb4.4.5&#8243; hover_enabled=\u00bb0&#8243;][\/et_pb_fullwidth_image][\/et_pb_section][et_pb_section fb_built=\u00bb1&#8243; fullwidth=\u00bbon\u00bb _builder_version=\u00bb4.4.5&#8243;][et_pb_fullwidth_image src=\u00bbhttps:\/\/kanazero.trec.info\/wp-content\/uploads\/2020\/05\/2-01-1-scaled.jpg\u00bb title_text=\u00bb2-01&#8243; _builder_version=\u00bb4.4.5&#8243; hover_enabled=\u00bb0&#8243;][\/et_pb_fullwidth_image][\/et_pb_section][et_pb_section fb_built=\u00bb1&#8243; fullwidth=\u00bbon\u00bb _builder_version=\u00bb4.4.5&#8243;][et_pb_fullwidth_image src=\u00bbhttps:\/\/kanazero.trec.info\/wp-content\/uploads\/2020\/05\/3-01-1-scaled.jpg\u00bb title_text=\u00bb3-01&#8243; _builder_version=\u00bb4.4.5&#8243; hover_enabled=\u00bb0&#8243;][\/et_pb_fullwidth_image][\/et_pb_section][et_pb_section fb_built=\u00bb1&#8243; fullwidth=\u00bbon\u00bb _builder_version=\u00bb4.4.5&#8243;][et_pb_fullwidth_image src=\u00bbhttps:\/\/kanazero.trec.info\/wp-content\/uploads\/2020\/05\/4-01-2-scaled.jpg\u00bb title_text=\u00bb4-01&#8243; _builder_version=\u00bb4.4.5&#8243; hover_enabled=\u00bb0&#8243;][\/et_pb_fullwidth_image][\/et_pb_section][et_pb_section fb_built=\u00bb1&#8243; fullwidth=\u00bbon\u00bb _builder_version=\u00bb4.4.5&#8243;][et_pb_fullwidth_image src=\u00bbhttps:\/\/kanazero.trec.info\/wp-content\/uploads\/2020\/05\/5-01-2-scaled.jpg\u00bb _builder_version=\u00bb4.4.5&#8243; title_text=\u00bb5-01&#8243; hover_enabled=\u00bb0&#8243;][\/et_pb_fullwidth_image][\/et_pb_section]<\/p>\n","protected":false},"excerpt":{"rendered":"<p>[et_pb_section fb_built=\u00bb1&#8243; admin_label=\u00bbMission\u00bb _builder_version=\u00bb4.4.5&#8243; background_image=\u00bbhttps:\/\/kanazero.trec.info\/wp-content\/uploads\/2020\/05\/MOCKUPAPP-1.jpg\u00bb parallax=\u00bbon\u00bb parallax_method=\u00bboff\u00bb custom_padding=\u00bb0px||16vw|||\u00bb][et_pb_row column_structure=\u00bb2_3,1_3&#8243; use_custom_gutter=\u00bbon\u00bb make_equal=\u00bbon\u00bb _builder_version=\u00bb3.25&#8243; locked=\u00bboff\u00bb][et_pb_column type=\u00bb2_3&#8243; _builder_version=\u00bb3.25&#8243; custom_padding=\u00bb|||\u00bb custom_padding__hover=\u00bb|||\u00bb][et_pb_divider color=\u00bb#c6e28b\u00bb divider_weight=\u00bb40px\u00bb _builder_version=\u00bb3.22.5&#8243; z_index=\u00bb-10&#8243; max_width=\u00bb360px\u00bb height=\u00bb40px\u00bb custom_margin=\u00bb||-34px|-40px\u00bb][\/et_pb_divider][et_pb_text _builder_version=\u00bb4.4.5&#8243; text_font=\u00bb||||||||\u00bb text_font_size=\u00bb15px\u00bb text_letter_spacing=\u00bb2px\u00bb text_line_height=\u00bb2.2em\u00bb header_font=\u00bb||||||||\u00bb header_2_font=\u00bbLora|700|||||||\u00bb header_2_font_size=\u00bb60px\u00bb header_2_line_height=\u00bb1.2em\u00bb module_alignment=\u00bbleft\u00bb text_font_size_tablet=\u00bb\u00bb text_font_size_phone=\u00bb16px\u00bb text_font_size_last_edited=\u00bbon|desktop\u00bb header_2_font_size_tablet=\u00bb48px\u00bb header_2_font_size_phone=\u00bb32px\u00bb header_2_font_size_last_edited=\u00bbon|tablet\u00bb inline_fonts=\u00bbAbel\u00bb] Comunidad Kana \u00a0 [\/et_pb_text][et_pb_text _builder_version=\u00bb4.4.5&#8243; text_font=\u00bbActor||||||||\u00bb text_text_color=\u00bb#000000&#8243; text_font_size=\u00bb16px\u00bb text_line_height=\u00bb2em\u00bb header_font=\u00bbAbel||||||||\u00bb header_4_font=\u00bbAbel|700|||||||\u00bb header_4_text_color=\u00bb#74ba57&#8243; header_4_font_size=\u00bb40px\u00bb header_4_line_height=\u00bb1.2em\u00bb [&hellip;]<\/p>\n","protected":false},"author":2,"featured_media":0,"parent":0,"menu_order":0,"comment_status":"closed","ping_status":"closed","template":"","meta":{"_et_pb_use_builder":"on","_et_pb_old_content":"[et_pb_section fb_built=\"1\" admin_label=\"Mission\" _builder_version=\"4.4.5\" background_image=\"https:\/\/kanazero.trec.info\/wp-content\/uploads\/2020\/05\/MOCKUPAPPcopy.jpg\" custom_padding=\"0px||16vw|||\" hover_enabled=\"0\" title_text=\"MOCKUPAPPcopy\" parallax=\"on\" parallax_method=\"off\"][et_pb_row column_structure=\"2_3,1_3\" use_custom_gutter=\"on\" make_equal=\"on\" _builder_version=\"3.25\" hover_enabled=\"0\" locked=\"off\"][et_pb_column type=\"2_3\" _builder_version=\"3.25\" custom_padding=\"|||\" custom_padding__hover=\"|||\"][et_pb_divider color=\"#c6e28b\" divider_weight=\"40px\" _builder_version=\"3.22.5\" z_index=\"-10\" max_width=\"360px\" height=\"40px\" custom_margin=\"||-34px|-40px\"][\/et_pb_divider][et_pb_text _builder_version=\"4.4.5\" text_font=\"||||||||\" text_font_size=\"15px\" text_line_height=\"2.2em\" header_font=\"||||||||\" header_2_font=\"Lora|700|||||||\" header_2_font_size=\"60px\" header_2_line_height=\"1.2em\" module_alignment=\"left\" hover_enabled=\"0\" text_font_size_tablet=\"\" text_font_size_phone=\"16px\" text_font_size_last_edited=\"on|desktop\" header_2_font_size_tablet=\"48px\" header_2_font_size_phone=\"32px\" header_2_font_size_last_edited=\"on|tablet\" text_letter_spacing=\"2px\"]\n<h2>Comunidad Kana<\/h2>\n<span style=\"color: #444444;\">&nbsp;<\/span>\n\n[\/et_pb_text][et_pb_text _builder_version=\"4.4.5\" text_font_size=\"16px\" text_line_height=\"2em\" header_font=\"Abel||||||||\" header_4_font=\"Abel|700|||||||\" header_4_text_color=\"#74ba57\" header_4_font_size=\"40px\" header_4_line_height=\"1.2em\" width_tablet=\"auto\" width_phone=\"auto\" width_last_edited=\"on|desktop\" hover_enabled=\"0\" text_text_color=\"#000000\" text_font=\"Actor||||||||\" background_color=\"rgba(255,255,255,0.67)\" custom_margin=\"|||0px|false|false\" custom_padding=\"|||21px|false|false\"]\n<h4>Hola!<\/h4>\n<strong>Somos una App que te permite llevar un registro del impacto de la huella ecol\u00f3gica sobre los alimentos que consumes para reducir el Desperdicio de Alimentos.<\/strong>\n\n[\/et_pb_text][\/et_pb_column][et_pb_column type=\"1_3\" _builder_version=\"3.25\" custom_padding=\"|||\" custom_padding__hover=\"|||\"][\/et_pb_column][\/et_pb_row][et_pb_row column_structure=\"1_3,1_3,1_3\" _builder_version=\"4.4.5\" hover_enabled=\"0\" locked=\"off\" title_text=\"food-bank_46\" background_image=\"https:\/\/kanazero.trec.info\/wp-content\/uploads\/2020\/04\/food-bank_46-scaled.jpg\" filter_contrast=\"112%\" filter_opacity=\"78%\" filter_brightness=\"101%\"][et_pb_column type=\"1_3\" _builder_version=\"4.4.5\" custom_padding=\"|||\" hover_enabled=\"0\" custom_padding__hover=\"|||\"][et_pb_text _builder_version=\"4.4.5\" text_font_size=\"15px\" text_line_height=\"2em\" header_font=\"||||||||\" header_4_font=\"Abel|700|||||||\" header_4_text_color=\"#74ba57\" header_4_font_size=\"20px\" header_4_line_height=\"1.2em\" width_tablet=\"auto\" width_phone=\"auto\" width_last_edited=\"on|desktop\" hover_enabled=\"0\" text_text_color=\"#000000\" text_font=\"Actor||||||||\" custom_margin=\"0px|||24px|false|false\" background_color=\"#ffffff\"]\n<h4>\u00bfComo funciona?<\/h4>\nPor medio del registro de alimentos, la aplicaci\u00f3n te avisa en una notificaci\u00f3n cuando los alimentos empiezan su proceso de descomposici\u00f3n.\n\n[\/et_pb_text][\/et_pb_column][et_pb_column type=\"1_3\" _builder_version=\"3.25\" custom_padding=\"|||\" custom_padding__hover=\"|||\"][et_pb_text _builder_version=\"4.4.5\" text_font_size=\"16px\" text_line_height=\"2em\" header_font=\"||||||||\" header_4_font=\"Abel|700|||||||\" header_4_text_color=\"#74ba57\" header_4_font_size=\"20px\" header_4_line_height=\"1.2em\" hover_enabled=\"0\" text_text_color=\"#000000\" background_color=\"rgba(0,0,0,0)\" text_font=\"Actor||||||||\" text_letter_spacing=\"5px\"]\n<h4>TIPS ZERO<\/h4>\nEn base al perfil del usario, KANA ZERO te brinda opciones para llevar un conteo de los aspectos ambientales que quieres mejorar, los cuales son <em>energ\u00eda, agua y fauna.<\/em>\n\n[\/et_pb_text][\/et_pb_column][et_pb_column type=\"1_3\" _builder_version=\"3.25\" custom_padding=\"|||\" custom_padding__hover=\"|||\"][\/et_pb_column][\/et_pb_row][\/et_pb_section][et_pb_section fb_built=\"1\" admin_label=\"Video\" _builder_version=\"3.22.5\" background_size=\"initial\" background_position=\"bottom_right\"][et_pb_row use_custom_gutter=\"on\" make_equal=\"on\" _builder_version=\"3.25\" module_alignment=\"center\" custom_padding=\"0px||0px||true\"][et_pb_column type=\"4_4\" _builder_version=\"3.25\" custom_padding=\"|||\" custom_padding__hover=\"|||\"][et_pb_divider color=\"#c6e28b\" divider_weight=\"100px\" _builder_version=\"3.22.5\" z_index=\"1\" max_width=\"360px\" height=\"100px\" custom_margin=\"||-90px|-40px\" locked=\"off\"][\/et_pb_divider][et_pb_text _builder_version=\"3.27.4\" text_font=\"||||||||\" text_font_size=\"20px\" text_line_height=\"2em\" header_font=\"||||||||\" header_2_font=\"Lora|700|||||||\" header_2_font_size=\"50px\" header_2_line_height=\"1.2em\" transform_scale_tablet=\"\" transform_scale_phone=\"\" transform_scale_last_edited=\"on|desktop\" transform_translate_tablet=\"0px|0vw\" transform_translate_phone=\"\" transform_translate_last_edited=\"on|phone\" transform_rotate_tablet=\"\" transform_rotate_phone=\"\" transform_rotate_last_edited=\"on|desktop\" transform_skew_tablet=\"\" transform_skew_phone=\"\" transform_skew_last_edited=\"on|desktop\" transform_origin_tablet=\"\" transform_origin_phone=\"\" transform_origin_last_edited=\"on|desktop\" z_index=\"1\" max_width=\"520px\" module_alignment=\"left\" text_font_size_tablet=\"\" text_font_size_phone=\"16px\" text_font_size_last_edited=\"on|desktop\" header_2_font_size_tablet=\"\" header_2_font_size_phone=\"32px\" header_2_font_size_last_edited=\"on|desktop\" locked=\"off\"]\n<h2>Make A Real Change In Someone's Life<\/h2>\nLorem ipsum dolor sit amet, consectetur adipiscing elit, sed do eiusmod tempor incididunt ut labore et dolore magna aliqua. Ut enim ad minim veniam[\/et_pb_text][et_pb_image src=\"https:\/\/kanazero.trec.info\/wp-content\/uploads\/2020\/04\/food-bank_55.png\" _builder_version=\"3.23\" background_image=\"https:\/\/kanazero.trec.info\/wp-content\/uploads\/2020\/04\/food-bank_62.jpg\" parallax=\"on\" custom_margin=\"-120px|-10vw||\" custom_margin_tablet=\"0px||\" custom_margin_phone=\"\" custom_margin_last_edited=\"on|phone\" always_center_on_mobile=\"off\"][\/et_pb_image][et_pb_video src=\"https:\/\/www.youtube.com\/watch?v=FkQuawiGWUw\" image_src=\"https:\/\/kanazero.trec.info\/wp-content\/uploads\/2020\/04\/food-bank_18.jpg\" _builder_version=\"3.22.5\" max_width=\"600px\" module_alignment=\"center\" custom_margin=\"-200px||\" custom_margin_tablet=\"-100px|||\" custom_margin_phone=\"-50px||\" custom_margin_last_edited=\"on|phone\"][\/et_pb_video][\/et_pb_column][\/et_pb_row][\/et_pb_section][et_pb_section fb_built=\"1\" admin_label=\"Events\" _builder_version=\"3.22.5\" background_image=\"https:\/\/kanazero.trec.info\/wp-content\/uploads\/2020\/04\/food-bank_63.jpg\" background_size=\"initial\" background_position=\"bottom_center\"][et_pb_row _builder_version=\"3.25\" module_alignment=\"center\"][et_pb_column type=\"4_4\" _builder_version=\"3.25\" custom_padding=\"|||\" custom_padding__hover=\"|||\"][et_pb_divider color=\"#ffde7f\" divider_weight=\"40px\" _builder_version=\"3.22.5\" z_index=\"-10\" max_width=\"360px\" module_alignment=\"center\" height=\"40px\" custom_margin=\"||-34px|-40px\" locked=\"off\"][\/et_pb_divider][et_pb_text _builder_version=\"3.27.4\" text_font=\"||||||||\" text_font_size=\"20px\" text_line_height=\"2em\" header_font=\"||||||||\" header_2_font=\"Lora|700|||||||\" header_2_font_size=\"60px\" header_2_line_height=\"1.2em\" transform_scale_tablet=\"\" transform_scale_phone=\"\" transform_scale_last_edited=\"on|desktop\" transform_translate_tablet=\"0px|0vw\" transform_translate_phone=\"\" transform_translate_last_edited=\"on|phone\" transform_rotate_tablet=\"\" transform_rotate_phone=\"\" transform_rotate_last_edited=\"on|desktop\" transform_skew_tablet=\"\" transform_skew_phone=\"\" transform_skew_last_edited=\"on|desktop\" transform_origin_tablet=\"\" transform_origin_phone=\"\" transform_origin_last_edited=\"on|desktop\" z_index=\"1\" text_orientation=\"center\" max_width=\"600px\" module_alignment=\"center\" text_font_size_tablet=\"\" text_font_size_phone=\"16px\" text_font_size_last_edited=\"on|desktop\" header_2_font_size_tablet=\"48px\" header_2_font_size_phone=\"32px\" header_2_font_size_last_edited=\"on|tablet\" locked=\"off\"]\n<h2>Events<\/h2>\nLorem ipsum dolor sit amet, consectetur adipiscing elit, sed do eiusmod tempor incididunt ut labore et dolore magna aliqua. Ut enim ad minim veniam\n\n[\/et_pb_text][\/et_pb_column][\/et_pb_row][et_pb_row column_structure=\"1_3,1_3,1_3\" _builder_version=\"3.25\"][et_pb_column type=\"1_3\" _builder_version=\"3.25\" custom_padding=\"|||\" custom_padding__hover=\"|||\"][et_pb_image src=\"https:\/\/kanazero.trec.info\/wp-content\/uploads\/2020\/04\/food-bank_59.png\" force_fullwidth=\"on\" align_tablet=\"center\" align_phone=\"\" align_last_edited=\"on|desktop\" _builder_version=\"3.23\" background_image=\"https:\/\/kanazero.trec.info\/wp-content\/uploads\/2020\/04\/food-bank_86.jpg\"][\/et_pb_image][et_pb_text _builder_version=\"3.27.4\" text_font_size=\"16px\" text_line_height=\"2em\" header_font=\"||||||||\" header_3_font=\"Lora|700|||||||\" header_3_text_color=\"#74ba57\" header_3_font_size=\"20px\" header_3_line_height=\"1.2em\" text_orientation=\"center\" width_tablet=\"auto\" width_phone=\"auto\" width_last_edited=\"on|desktop\" locked=\"off\"]\n<h3>Lorem Ipsum Dolor<\/h3>\nLorem ipsum dolor sit amet, consectetur adipiscing elit, sed do eiusmod tempor incididunt ut labore et dolore\n\n[\/et_pb_text][et_pb_button button_text=\"Learn More\" button_alignment=\"center\" _builder_version=\"3.22.5\" custom_button=\"on\" button_text_size=\"17px\" button_text_color=\"#ffffff\" button_bg_color=\"#74ba57\" button_border_width=\"0px\" button_border_radius=\"0px\" button_font=\"Roboto||||||||\" custom_padding=\"14px|28px|14px|28px|true|true\" locked=\"off\"][\/et_pb_button][\/et_pb_column][et_pb_column type=\"1_3\" _builder_version=\"3.25\" custom_padding=\"|||\" custom_padding__hover=\"|||\"][et_pb_image src=\"https:\/\/kanazero.trec.info\/wp-content\/uploads\/2020\/04\/food-bank_60.png\" force_fullwidth=\"on\" align_tablet=\"center\" align_phone=\"\" align_last_edited=\"on|desktop\" _builder_version=\"3.23\" background_image=\"https:\/\/kanazero.trec.info\/wp-content\/uploads\/2020\/04\/food-bank_84.jpg\"][\/et_pb_image][et_pb_text _builder_version=\"3.27.4\" text_font_size=\"16px\" text_line_height=\"2em\" header_font=\"||||||||\" header_3_font=\"Lora|700|||||||\" header_3_text_color=\"#74ba57\" header_3_font_size=\"20px\" header_3_line_height=\"1.2em\" text_orientation=\"center\" width_tablet=\"auto\" width_phone=\"auto\" width_last_edited=\"on|desktop\" locked=\"off\"]\n<h3>Consectetur Adipiscin<\/h3>\nLorem ipsum dolor sit amet, consectetur adipiscing elit, sed do eiusmod tempor incididunt ut labore et dolore\n\n[\/et_pb_text][et_pb_button button_text=\"Learn More\" button_alignment=\"center\" _builder_version=\"3.22.5\" custom_button=\"on\" button_text_size=\"17px\" button_text_color=\"#ffffff\" button_bg_color=\"#74ba57\" button_border_width=\"0px\" button_border_radius=\"0px\" button_font=\"Roboto||||||||\" custom_padding=\"14px|28px|14px|28px|true|true\" locked=\"off\"][\/et_pb_button][\/et_pb_column][et_pb_column type=\"1_3\" _builder_version=\"3.25\" custom_padding=\"|||\" custom_padding__hover=\"|||\"][et_pb_image src=\"https:\/\/kanazero.trec.info\/wp-content\/uploads\/2020\/04\/food-bank_61.png\" force_fullwidth=\"on\" align_tablet=\"center\" align_phone=\"\" align_last_edited=\"on|desktop\" _builder_version=\"3.23\" background_image=\"https:\/\/kanazero.trec.info\/wp-content\/uploads\/2020\/04\/food-bank_85.jpg\"][\/et_pb_image][et_pb_text _builder_version=\"3.27.4\" text_font_size=\"16px\" text_line_height=\"2em\" header_font=\"||||||||\" header_3_font=\"Lora|700|||||||\" header_3_text_color=\"#74ba57\" header_3_font_size=\"20px\" header_3_line_height=\"1.2em\" text_orientation=\"center\" width_tablet=\"auto\" width_phone=\"auto\" width_last_edited=\"on|desktop\" locked=\"off\"]\n<h3>Labore Et Dolore<\/h3>\nLorem ipsum dolor sit amet, consectetur adipiscing elit, sed do eiusmod tempor incididunt ut labore et dolor\n\n[\/et_pb_text][et_pb_button button_text=\"Learn More\" button_alignment=\"center\" _builder_version=\"3.22.5\" custom_button=\"on\" button_text_size=\"17px\" button_text_color=\"#ffffff\" button_bg_color=\"#74ba57\" button_border_width=\"0px\" button_border_radius=\"0px\" button_font=\"Roboto||||||||\" custom_padding=\"14px|28px|14px|28px|true|true\" locked=\"off\"][\/et_pb_button][\/et_pb_column][\/et_pb_row][\/et_pb_section]","_et_gb_content_width":"","footnotes":""},"class_list":["post-13","page","type-page","status-publish","hentry"],"_links":{"self":[{"href":"https:\/\/kanazero.trec.info\/index.php\/wp-json\/wp\/v2\/pages\/13","targetHints":{"allow":["GET"]}}],"collection":[{"href":"https:\/\/kanazero.trec.info\/index.php\/wp-json\/wp\/v2\/pages"}],"about":[{"href":"https:\/\/kanazero.trec.info\/index.php\/wp-json\/wp\/v2\/types\/page"}],"author":[{"embeddable":true,"href":"https:\/\/kanazero.trec.info\/index.php\/wp-json\/wp\/v2\/users\/2"}],"replies":[{"embeddable":true,"href":"https:\/\/kanazero.trec.info\/index.php\/wp-json\/wp\/v2\/comments?post=13"}],"version-history":[{"count":21,"href":"https:\/\/kanazero.trec.info\/index.php\/wp-json\/wp\/v2\/pages\/13\/revisions"}],"predecessor-version":[{"id":279,"href":"https:\/\/kanazero.trec.info\/index.php\/wp-json\/wp\/v2\/pages\/13\/revisions\/279"}],"wp:attachment":[{"href":"https:\/\/kanazero.trec.info\/index.php\/wp-json\/wp\/v2\/media?parent=13"}],"curies":[{"name":"wp","href":"https:\/\/api.w.org\/{rel}","templated":true}]}}